{"id":1386,"date":"2025-11-29T15:38:01","date_gmt":"2025-11-29T15:38:01","guid":{"rendered":"https:\/\/neuillay.fr\/?page_id=1386"},"modified":"2025-11-29T16:09:03","modified_gmt":"2025-11-29T16:09:03","slug":"coworking","status":"publish","type":"page","link":"https:\/\/neuillay.fr\/?page_id=1386","title":{"rendered":"Coworking"},"content":{"rendered":"<p>Un espace de coworking (ou espace de travail partag\u00e9), permet \u00e0 ses membres appel\u00e9s les coworkers, de disposer d\u2019un lieu de travail flexible, et de favoriser les rencontres entre eux et ainsi de les sortir de leur isolement.<\/p>\n<p>Il s\u2019agit dans la plupart des cas d\u2019un espace de travail ouvert et convivial, qui facilite les \u00e9changes de comp\u00e9tences, les partenariats, la cr\u00e9ativit\u00e9, voire l\u2019\u00e9mergence de projets communs.<\/p>\n<p>Le coworking s\u2019adresse\u00a0aux cr\u00e9ateurs d\u2019entreprises, travailleurs ind\u00e9pendants, \u00e9tudiants, demandeurs d\u2019emploi, t\u00e9l\u00e9travailleurs, chercheurs, startupers, artistes, etc. en mal d\u2019un lieu de travail et d\u2019\u00e9changes.<\/p>\n<p>Il permet de r\u00e9inventer l\u2019espace de travail\u00a0en mettant en avant l\u2019esprit de communaut\u00e9 et l\u2019\u00e9change entre pairs mais aussi entre personnes d\u2019horizons diff\u00e9rents.<\/p>\n<p>A l\u2019origine, le coworking int\u00e9ressait\u00a0les entreprises innovantes, mais des entreprises d\u2019autres secteurs y installent aujourd\u2019hui\u00a0certains de leurs services pour sa flexibilit\u00e9 et le go\u00fbt des nouvelles g\u00e9n\u00e9rations pour ces lieux de travail (souplesse d\u2019occupation, design des locaux et du mobilier, services, proximit\u00e9 du domicile, etc).<\/p>\n<p>Les espaces de coworking ne sont plus seulement d\u00e9di\u00e9s au secteur du digital ; de m\u00eame ils deviennent des lieux de vie et non plus seulement des lieux de travail.<\/p>\n<p>Nous disposons de deux espaces. Les r\u00e9servations s\u2019effectuent \u00e0 la demi journ\u00e9e :<\/p>\n\n\n<div class=\"wp-block-columns is-layout-flex wp-container-core-columns-is-layout-9d6595d7 wp-block-columns-is-layout-flex\">\n<div class=\"wp-block-column is-layout-flow wp-block-column-is-layout-flow\">\n<figure class=\"wp-block-image size-full\"><img loading=\"lazy\" decoding=\"async\" width=\"480\" height=\"640\" src=\"https:\/\/neuillay.fr\/wp-content\/uploads\/2025\/11\/IMG_6637-rotated.jpg\" alt=\"\" class=\"wp-image-1388\" srcset=\"https:\/\/neuillay.fr\/wp-content\/uploads\/2025\/11\/IMG_6637-rotated.jpg 480w, https:\/\/neuillay.fr\/wp-content\/uploads\/2025\/11\/IMG_6637-225x300.jpg 225w\" sizes=\"auto, (max-width: 480px) 100vw, 480px\" \/><\/figure>\n<\/div>\n\n\n\n<div class=\"wp-block-column is-vertically-aligned-center is-layout-flow wp-block-column-is-layout-flow\">\n<figure class=\"wp-block-image size-full\"><img loading=\"lazy\" decoding=\"async\" width=\"640\" height=\"480\" src=\"https:\/\/neuillay.fr\/wp-content\/uploads\/2025\/11\/IMG_6201.jpg\" alt=\"\" class=\"wp-image-1387\" srcset=\"https:\/\/neuillay.fr\/wp-content\/uploads\/2025\/11\/IMG_6201.jpg 640w, https:\/\/neuillay.fr\/wp-content\/uploads\/2025\/11\/IMG_6201-300x225.jpg 300w, https:\/\/neuillay.fr\/wp-content\/uploads\/2025\/11\/IMG_6201-285x215.jpg 285w\" sizes=\"auto, (max-width: 640px) 100vw, 640px\" \/><\/figure>\n<\/div>\n<\/div>\n","protected":false},"excerpt":{"rendered":"<p>Un espace de coworking (ou espace de travail partag\u00e9), permet \u00e0 ses membres appel\u00e9s les coworkers, de disposer d\u2019un lieu de travail flexible, et de favoriser les rencontres entre eux et ainsi de les sortir de leur isolement. Il s\u2019agit dans la plupart des cas d\u2019un espace de travail ouvert&#8230; <a href=\"https:\/\/neuillay.fr\/?page_id=1386\" class=\"readmore\">Read more<span class=\"screen-reader-text\">\u00ab\u00a0Coworking\u00a0\u00bb<\/span><\/a><\/p>\n","protected":false},"author":1,"featured_media":0,"parent":0,"menu_order":0,"comment_status":"closed","ping_status":"closed","template":"","meta":{"footnotes":""},"class_list":["post-1386","page","type-page","status-publish","hentry"],"_links":{"self":[{"href":"https:\/\/neuillay.fr\/index.php?rest_route=\/wp\/v2\/pages\/1386","targetHints":{"allow":["GET"]}}],"collection":[{"href":"https:\/\/neuillay.fr\/index.php?rest_route=\/wp\/v2\/pages"}],"about":[{"href":"https:\/\/neuillay.fr\/index.php?rest_route=\/wp\/v2\/types\/page"}],"author":[{"embeddable":true,"href":"https:\/\/neuillay.fr\/index.php?rest_route=\/wp\/v2\/users\/1"}],"replies":[{"embeddable":true,"href":"https:\/\/neuillay.fr\/index.php?rest_route=%2Fwp%2Fv2%2Fcomments&post=1386"}],"version-history":[{"count":2,"href":"https:\/\/neuillay.fr\/index.php?rest_route=\/wp\/v2\/pages\/1386\/revisions"}],"predecessor-version":[{"id":1405,"href":"https:\/\/neuillay.fr\/index.php?rest_route=\/wp\/v2\/pages\/1386\/revisions\/1405"}],"wp:attachment":[{"href":"https:\/\/neuillay.fr\/index.php?rest_route=%2Fwp%2Fv2%2Fmedia&parent=1386"}],"curies":[{"name":"wp","href":"https:\/\/api.w.org\/{rel}","templated":true}]}}