{"id":1393,"date":"2025-11-29T15:55:29","date_gmt":"2025-11-29T15:55:29","guid":{"rendered":"https:\/\/neuillay.fr\/?page_id=1393"},"modified":"2025-11-29T15:55:29","modified_gmt":"2025-11-29T15:55:29","slug":"repair-cafe","status":"publish","type":"page","link":"https:\/\/neuillay.fr\/?page_id=1393","title":{"rendered":"Repair caf\u00e9"},"content":{"rendered":"<p>La permanence du Repair Caf\u00e9 vous accueillera chaque 1er samedi du mois pour redonner vie \u00e0 vos objets du quotidien . Diff\u00e9rentes sortes d\u2019outils sont mis \u00e0 disposition comme des machines-outils pilot\u00e9es par ordinateur, pour la conception et la r\u00e9alisation d\u2019objets.<\/p>\n<p>\u00a0<\/p>\n\n<div class=\"wp-block-image\">\n<figure class=\"aligncenter size-large is-resized\"><img loading=\"lazy\" decoding=\"async\" width=\"1024\" height=\"767\" src=\"https:\/\/neuillay.fr\/wp-content\/uploads\/2025\/11\/rep-6-1024x767.jpg\" alt=\"\" class=\"wp-image-1394\" style=\"width:522px;height:auto\" srcset=\"https:\/\/neuillay.fr\/wp-content\/uploads\/2025\/11\/rep-6-1024x767.jpg 1024w, https:\/\/neuillay.fr\/wp-content\/uploads\/2025\/11\/rep-6-300x225.jpg 300w, https:\/\/neuillay.fr\/wp-content\/uploads\/2025\/11\/rep-6-768x575.jpg 768w, https:\/\/neuillay.fr\/wp-content\/uploads\/2025\/11\/rep-6.jpg 1440w\" sizes=\"auto, (max-width: 1024px) 100vw, 1024px\" \/><\/figure>\n<\/div>","protected":false},"excerpt":{"rendered":"<p>La permanence du Repair Caf\u00e9 vous accueillera chaque 1er samedi du mois pour redonner vie \u00e0 vos objets du quotidien . Diff\u00e9rentes sortes d\u2019outils sont mis \u00e0 disposition comme des machines-outils pilot\u00e9es par ordinateur, pour la conception et la r\u00e9alisation d\u2019objets. \u00a0<\/p>\n","protected":false},"author":1,"featured_media":0,"parent":0,"menu_order":0,"comment_status":"closed","ping_status":"closed","template":"","meta":{"footnotes":""},"class_list":["post-1393","page","type-page","status-publish","hentry"],"_links":{"self":[{"href":"https:\/\/neuillay.fr\/index.php?rest_route=\/wp\/v2\/pages\/1393","targetHints":{"allow":["GET"]}}],"collection":[{"href":"https:\/\/neuillay.fr\/index.php?rest_route=\/wp\/v2\/pages"}],"about":[{"href":"https:\/\/neuillay.fr\/index.php?rest_route=\/wp\/v2\/types\/page"}],"author":[{"embeddable":true,"href":"https:\/\/neuillay.fr\/index.php?rest_route=\/wp\/v2\/users\/1"}],"replies":[{"embeddable":true,"href":"https:\/\/neuillay.fr\/index.php?rest_route=%2Fwp%2Fv2%2Fcomments&post=1393"}],"version-history":[{"count":1,"href":"https:\/\/neuillay.fr\/index.php?rest_route=\/wp\/v2\/pages\/1393\/revisions"}],"predecessor-version":[{"id":1395,"href":"https:\/\/neuillay.fr\/index.php?rest_route=\/wp\/v2\/pages\/1393\/revisions\/1395"}],"wp:attachment":[{"href":"https:\/\/neuillay.fr\/index.php?rest_route=%2Fwp%2Fv2%2Fmedia&parent=1393"}],"curies":[{"name":"wp","href":"https:\/\/api.w.org\/{rel}","templated":true}]}}