{"id":341,"date":"2022-12-26T17:10:39","date_gmt":"2022-12-26T17:10:39","guid":{"rendered":"https:\/\/neuillay.fr\/?page_id=341"},"modified":"2025-11-29T16:12:00","modified_gmt":"2025-11-29T16:12:00","slug":"presentation-du-club","status":"publish","type":"page","link":"https:\/\/neuillay.fr\/?page_id=341","title":{"rendered":"Pr\u00e9sentation du Club"},"content":{"rendered":"<p>Le Club Micro de Neuillay les Bois (CMN) est une association \u00e0 but non lucratif form\u00e9e de b\u00e9n\u00e9voles.<img loading=\"lazy\" decoding=\"async\" class=\"alignright\" src=\"https:\/\/neuillay.fr\/wp-content\/uploads\/2022\/12\/CMN-logo-150x150.png\" alt=\"\" width=\"150\" height=\"150\" \/><\/p>\n<p>Cr\u00e9\u00e9 en 1996 \u00e0 l\u2019initiative de Claude Vidal et quelques passionn\u00e9s, sa finalit\u00e9 est l\u2019organisation d\u2019ateliers sur les th\u00e8mes aussi vari\u00e9s que\u00a0: Internet, la bureautique, le traitement photo, la 3D, la domotique et objets connect\u00e9s.<\/p>\n<p>Le Club est un lieu d\u2019\u00e9change o\u00f9 chacun am\u00e9liore son rapport \u00e0 l\u2019informatique gr\u00e2ce au partage des connaissances et des exp\u00e9riences.<\/p>\n<p>Nous accueillons dans notre local un public de tous \u00e2ges et de toute provenance dans la convivialit\u00e9 et la bonne humeur.<\/p>\n<p>Le Club met tout son \u00e9quipement \u00e0 la disposition de ses adh\u00e9rents. Ceux-ci peuvent venir utiliser sur place le mat\u00e9riel install\u00e9 dans le local.<\/p>\n<p>Venez vite nous y retrouver.<\/p>\n<p><u>Le bureau\u00a0:<\/u><\/p>\n<p>Allan BLANC : Pr\u00e9sident<\/p>\n<p>Claude VIDAL : Vice-Pr\u00e9sident<\/p>\n<p>Michel CRECHET : Tr\u00e9sorier<\/p>\n<p>Aurore AUCOUTURIER\u00a0 : Tr\u00e9sori\u00e8re adjointe<\/p>\n<p>Odile RIOTE : Secr\u00e9taire<\/p>\n<p>Christiane VIDAL : Secr\u00e9taire adjointe<\/p>\n","protected":false},"excerpt":{"rendered":"<p>Le Club Micro de Neuillay les Bois (CMN) est une association \u00e0 but non lucratif form\u00e9e de b\u00e9n\u00e9voles. Cr\u00e9\u00e9 en 1996 \u00e0 l\u2019initiative de Claude Vidal et quelques passionn\u00e9s, sa finalit\u00e9 est l\u2019organisation d\u2019ateliers sur les th\u00e8mes aussi vari\u00e9s que\u00a0: Internet, la bureautique, le traitement photo, la 3D, la domotique&#8230; <a href=\"https:\/\/neuillay.fr\/?page_id=341\" class=\"readmore\">Read more<span class=\"screen-reader-text\">\u00ab\u00a0Pr\u00e9sentation du Club\u00a0\u00bb<\/span><\/a><\/p>\n","protected":false},"author":1,"featured_media":0,"parent":0,"menu_order":0,"comment_status":"closed","ping_status":"closed","template":"","meta":{"footnotes":""},"class_list":["post-341","page","type-page","status-publish","hentry"],"_links":{"self":[{"href":"https:\/\/neuillay.fr\/index.php?rest_route=\/wp\/v2\/pages\/341","targetHints":{"allow":["GET"]}}],"collection":[{"href":"https:\/\/neuillay.fr\/index.php?rest_route=\/wp\/v2\/pages"}],"about":[{"href":"https:\/\/neuillay.fr\/index.php?rest_route=\/wp\/v2\/types\/page"}],"author":[{"embeddable":true,"href":"https:\/\/neuillay.fr\/index.php?rest_route=\/wp\/v2\/users\/1"}],"replies":[{"embeddable":true,"href":"https:\/\/neuillay.fr\/index.php?rest_route=%2Fwp%2Fv2%2Fcomments&post=341"}],"version-history":[{"count":10,"href":"https:\/\/neuillay.fr\/index.php?rest_route=\/wp\/v2\/pages\/341\/revisions"}],"predecessor-version":[{"id":1407,"href":"https:\/\/neuillay.fr\/index.php?rest_route=\/wp\/v2\/pages\/341\/revisions\/1407"}],"wp:attachment":[{"href":"https:\/\/neuillay.fr\/index.php?rest_route=%2Fwp%2Fv2%2Fmedia&parent=341"}],"curies":[{"name":"wp","href":"https:\/\/api.w.org\/{rel}","templated":true}]}}