{"id":347,"date":"2022-12-26T17:12:00","date_gmt":"2022-12-26T17:12:00","guid":{"rendered":"https:\/\/neuillay.fr\/?page_id=347"},"modified":"2023-01-28T15:51:06","modified_gmt":"2023-01-28T15:51:06","slug":"carte-didentite","status":"publish","type":"page","link":"https:\/\/neuillay.fr\/?page_id=347","title":{"rendered":"Carte d&rsquo;identit\u00e9"},"content":{"rendered":"<div class=\"entry-content\">\n<p>Neuillay les Bois est une petite commune du centre-ouest de la France, situ\u00e9e dans le d\u00e9partement de <a href=\"https:\/\/neuillay.fr\/?page_id=842\"><strong>l\u2019Indre<\/strong><\/a>.<\/p>\n<p>Elle fait partie de la communaut\u00e9 de communes \u00ab\u00a0<a href=\"https:\/\/neuillay.fr\/?page_id=848\"><strong>Val de l\u2019Indre-Brenne <\/strong><\/a>\u00bb \u00a0 \u00a0 \u00a0 \u00a0 \u00a0\u00a0 \u00a0\u00a0\u00a0\u00a0\u00a0\u00a0\u00a0\u00a0\u00a0\u00a0\u00a0\u00a0 \u00a0\u00a0 \u00a0\u00a0\u00a0\u00a0\u00a0\u00a0\u00a0\u00a0\u00a0\u00a0 et du\u00a0 \u00ab <strong><a href=\"https:\/\/neuillay.fr\/?page_id=850\">Parc Naturel R\u00e9gional de la Brenne<\/a><\/strong>\u00a0\u00bb.<\/p>\n<p>Sa superficie est de 47,63 km2, avec une altitude minimum\u00a0 de 117 m et un maximum de 154 m. Elle est entour\u00e9e par les communes de M\u00e9obecq, Vendoeuvres, La Chapelle Orthemale, Villedieu sur Indre, Niherne, Luant, La P\u00e9rouille, Nuret le Ferron et travers\u00e9e par trois ruisseaux : La Claise, Le Rossignol et Le Moury.<\/p>\n<p>Depuis le dernier recensement, la population est de 681 habitants.<\/p>\n<p>Les habitants se nomment les Novelliennes et Novelliens.<\/p>\n<p><a href=\"https:\/\/neuillay.fr\/wp-content\/uploads\/2022\/12\/carpe3.png\"><img loading=\"lazy\" decoding=\"async\" class=\"size-medium wp-image-441 aligncenter\" src=\"https:\/\/neuillay.fr\/wp-content\/uploads\/2022\/12\/carpe3-300x225.png\" alt=\"\" width=\"300\" height=\"225\" srcset=\"https:\/\/neuillay.fr\/wp-content\/uploads\/2022\/12\/carpe3-300x225.png 300w, https:\/\/neuillay.fr\/wp-content\/uploads\/2022\/12\/carpe3-1024x768.png 1024w, https:\/\/neuillay.fr\/wp-content\/uploads\/2022\/12\/carpe3-768x576.png 768w, https:\/\/neuillay.fr\/wp-content\/uploads\/2022\/12\/carpe3-1536x1152.png 1536w, https:\/\/neuillay.fr\/wp-content\/uploads\/2022\/12\/carpe3-2048x1536.png 2048w, https:\/\/neuillay.fr\/wp-content\/uploads\/2022\/12\/carpe3-285x215.png 285w\" sizes=\"auto, (max-width: 300px) 100vw, 300px\" \/><\/a><\/p>\n<\/div>\n","protected":false},"excerpt":{"rendered":"<p>Neuillay les Bois est une petite commune du centre-ouest de la France, situ\u00e9e dans le d\u00e9partement de l\u2019Indre. Elle fait partie de la communaut\u00e9 de communes \u00ab\u00a0Val de l\u2019Indre-Brenne \u00bb \u00a0 \u00a0 \u00a0 \u00a0 \u00a0\u00a0 \u00a0\u00a0\u00a0\u00a0\u00a0\u00a0\u00a0\u00a0\u00a0\u00a0\u00a0\u00a0 \u00a0\u00a0 \u00a0\u00a0\u00a0\u00a0\u00a0\u00a0\u00a0\u00a0\u00a0\u00a0 et du\u00a0 \u00ab Parc Naturel R\u00e9gional de la Brenne\u00a0\u00bb. Sa superficie est&#8230; <a href=\"https:\/\/neuillay.fr\/?page_id=347\" class=\"readmore\">Read more<span class=\"screen-reader-text\">\u00ab\u00a0Carte d&rsquo;identit\u00e9\u00a0\u00bb<\/span><\/a><\/p>\n","protected":false},"author":1,"featured_media":0,"parent":0,"menu_order":0,"comment_status":"closed","ping_status":"closed","template":"","meta":{"footnotes":""},"class_list":["post-347","page","type-page","status-publish","hentry"],"_links":{"self":[{"href":"https:\/\/neuillay.fr\/index.php?rest_route=\/wp\/v2\/pages\/347","targetHints":{"allow":["GET"]}}],"collection":[{"href":"https:\/\/neuillay.fr\/index.php?rest_route=\/wp\/v2\/pages"}],"about":[{"href":"https:\/\/neuillay.fr\/index.php?rest_route=\/wp\/v2\/types\/page"}],"author":[{"embeddable":true,"href":"https:\/\/neuillay.fr\/index.php?rest_route=\/wp\/v2\/users\/1"}],"replies":[{"embeddable":true,"href":"https:\/\/neuillay.fr\/index.php?rest_route=%2Fwp%2Fv2%2Fcomments&post=347"}],"version-history":[{"count":25,"href":"https:\/\/neuillay.fr\/index.php?rest_route=\/wp\/v2\/pages\/347\/revisions"}],"predecessor-version":[{"id":1047,"href":"https:\/\/neuillay.fr\/index.php?rest_route=\/wp\/v2\/pages\/347\/revisions\/1047"}],"wp:attachment":[{"href":"https:\/\/neuillay.fr\/index.php?rest_route=%2Fwp%2Fv2%2Fmedia&parent=347"}],"curies":[{"name":"wp","href":"https:\/\/api.w.org\/{rel}","templated":true}]}}