{"id":349,"date":"2022-12-26T17:12:25","date_gmt":"2022-12-26T17:12:25","guid":{"rendered":"https:\/\/neuillay.fr\/?page_id=349"},"modified":"2023-01-28T15:53:45","modified_gmt":"2023-01-28T15:53:45","slug":"le-conseil-municipal","status":"publish","type":"page","link":"https:\/\/neuillay.fr\/?page_id=349","title":{"rendered":"Le conseil municipal"},"content":{"rendered":"<p>Patrice BOIRON : Maire<\/p>\n<p>Claude VIDAL : 1er adjoint<\/p>\n<p>Laurence COLIN : 2\u00e8me adjointe<\/p>\n<p>B\u00e9atrice POULET : 3\u00e8me adjointe<\/p>\n<p>Serge RIET\u00a0: 4\u00e8me adjoint<\/p>\n<p>Aurore AUCOUTURIER : conseill\u00e8re<\/p>\n<p>Fanny CASTUERA : conseill\u00e8re<\/p>\n<p>Joao FONSECA PASCOA : conseiller<\/p>\n<p>Fran\u00e7oise GUILLAUME : conseill\u00e8re<\/p>\n<p>Carole HAY : conseill\u00e8re<\/p>\n<p>Christophe JOURNAUD : conseiller<\/p>\n<p>Philippe LE LAN : conseiller<\/p>\n<p>Florent NACU : conseiller<\/p>\n<p>Franck PICOT : conseiller<\/p>\n<p>Fr\u00e9d\u00e9ric RANTY : conseiller<\/p>\n<p><a href=\"https:\/\/neuillay.fr\/wp-content\/uploads\/2023\/01\/IMG_20200213_181636-scaled.jpg\"><img loading=\"lazy\" decoding=\"async\" class=\"alignnone wp-image-1048 size-large\" src=\"https:\/\/neuillay.fr\/wp-content\/uploads\/2023\/01\/IMG_20200213_181636-1024x576.jpg\" alt=\"\" width=\"730\" height=\"411\" srcset=\"https:\/\/neuillay.fr\/wp-content\/uploads\/2023\/01\/IMG_20200213_181636-1024x576.jpg 1024w, https:\/\/neuillay.fr\/wp-content\/uploads\/2023\/01\/IMG_20200213_181636-300x169.jpg 300w, https:\/\/neuillay.fr\/wp-content\/uploads\/2023\/01\/IMG_20200213_181636-768x432.jpg 768w, https:\/\/neuillay.fr\/wp-content\/uploads\/2023\/01\/IMG_20200213_181636-1536x864.jpg 1536w, https:\/\/neuillay.fr\/wp-content\/uploads\/2023\/01\/IMG_20200213_181636-2048x1152.jpg 2048w\" sizes=\"auto, (max-width: 730px) 100vw, 730px\" \/><\/a><\/p>\n","protected":false},"excerpt":{"rendered":"<p>Patrice BOIRON : Maire Claude VIDAL : 1er adjoint Laurence COLIN : 2\u00e8me adjointe B\u00e9atrice POULET : 3\u00e8me adjointe Serge RIET\u00a0: 4\u00e8me adjoint Aurore AUCOUTURIER : conseill\u00e8re Fanny CASTUERA : conseill\u00e8re Joao FONSECA PASCOA : conseiller Fran\u00e7oise GUILLAUME : conseill\u00e8re Carole HAY : conseill\u00e8re Christophe JOURNAUD : conseiller Philippe LE&#8230; <a href=\"https:\/\/neuillay.fr\/?page_id=349\" class=\"readmore\">Read more<span class=\"screen-reader-text\">\u00ab\u00a0Le conseil municipal\u00a0\u00bb<\/span><\/a><\/p>\n","protected":false},"author":1,"featured_media":0,"parent":0,"menu_order":0,"comment_status":"closed","ping_status":"closed","template":"","meta":{"footnotes":""},"class_list":["post-349","page","type-page","status-publish","hentry"],"_links":{"self":[{"href":"https:\/\/neuillay.fr\/index.php?rest_route=\/wp\/v2\/pages\/349","targetHints":{"allow":["GET"]}}],"collection":[{"href":"https:\/\/neuillay.fr\/index.php?rest_route=\/wp\/v2\/pages"}],"about":[{"href":"https:\/\/neuillay.fr\/index.php?rest_route=\/wp\/v2\/types\/page"}],"author":[{"embeddable":true,"href":"https:\/\/neuillay.fr\/index.php?rest_route=\/wp\/v2\/users\/1"}],"replies":[{"embeddable":true,"href":"https:\/\/neuillay.fr\/index.php?rest_route=%2Fwp%2Fv2%2Fcomments&post=349"}],"version-history":[{"count":8,"href":"https:\/\/neuillay.fr\/index.php?rest_route=\/wp\/v2\/pages\/349\/revisions"}],"predecessor-version":[{"id":1050,"href":"https:\/\/neuillay.fr\/index.php?rest_route=\/wp\/v2\/pages\/349\/revisions\/1050"}],"wp:attachment":[{"href":"https:\/\/neuillay.fr\/index.php?rest_route=%2Fwp%2Fv2%2Fmedia&parent=349"}],"curies":[{"name":"wp","href":"https:\/\/api.w.org\/{rel}","templated":true}]}}