{"id":351,"date":"2022-12-26T17:12:51","date_gmt":"2022-12-26T17:12:51","guid":{"rendered":"https:\/\/neuillay.fr\/?page_id=351"},"modified":"2025-01-20T08:31:04","modified_gmt":"2025-01-20T08:31:04","slug":"services-administratifs","status":"publish","type":"page","link":"https:\/\/neuillay.fr\/?page_id=351","title":{"rendered":"Services administratifs"},"content":{"rendered":"<div class=\"entry-content\">\n<h2 style=\"text-align: center;\"><strong>La Mairie de Neuillay les Bois \u00e0 <\/strong><strong>votre service\u00a0\u00a0\u00a0\u00a0\u00a0\u00a0<\/strong><\/h2>\n<h2 style=\"text-align: center;\"><strong>\u00a0\u00a0 <img loading=\"lazy\" decoding=\"async\" class=\"alignnone size-full wp-image-448\" src=\"https:\/\/neuillay.fr\/wp-content\/uploads\/2022\/12\/mairie-1.jpg\" alt=\"\" width=\"259\" height=\"194\" \/><\/strong><\/h2>\n<p style=\"text-align: center;\"><strong>Adresse:<\/strong><\/p>\n<p style=\"text-align: center;\">19 rue Principale 36500 Neuillay les Bois<\/p>\n<p style=\"text-align: center;\"><strong>Horaires d\u2019ouverture:<\/strong><\/p>\n<p style=\"text-align: center;\">Lundi, Mercredi, Vendredi: de 08h30 \u00e0 12h00 et de 13h30 \u00e0 17h00<\/p>\n<p style=\"text-align: center;\">Mardi et Jeudi : de 8h30 \u00e0 12h00<\/p>\n<p style=\"text-align: center;\"><strong>Contact:<\/strong><\/p>\n<p style=\"text-align: center;\">T\u00e9l\u00e9phone: 02 54 39 40 12<\/p>\n<p style=\"text-align: center;\">T\u00e9l\u00e9copie: 02 54 39 45 36<\/p>\n<p style=\"text-align: center;\">Courriel: mairie-neuillaylesbois@wanadoo.fr<\/p>\n<p style=\"text-align: center;\"><strong>Les ordures m\u00e9nag\u00e8res<\/strong> sont collect\u00e9es chaque jeudi. <a href=\"http:\/\/www.valdelindrebrenne.com\/Preserver-l-environnement\/Les-ordures-menageres\" target=\"_blank\" rel=\"noopener noreferrer\"><strong>En savoir plus \u2026<\/strong><\/a><\/p>\n<\/div>\n","protected":false},"excerpt":{"rendered":"<p>La Mairie de Neuillay les Bois \u00e0 votre service\u00a0\u00a0\u00a0\u00a0\u00a0\u00a0 \u00a0\u00a0 Adresse: 19 rue Principale 36500 Neuillay les Bois Horaires d\u2019ouverture: Lundi, Mercredi, Vendredi: de 08h30 \u00e0 12h00 et de 13h30 \u00e0 17h00 Mardi et Jeudi : de 8h30 \u00e0 12h00 Contact: T\u00e9l\u00e9phone: 02 54 39 40 12 T\u00e9l\u00e9copie: 02 54&#8230; <a href=\"https:\/\/neuillay.fr\/?page_id=351\" class=\"readmore\">Read more<span class=\"screen-reader-text\">\u00ab\u00a0Services administratifs\u00a0\u00bb<\/span><\/a><\/p>\n","protected":false},"author":1,"featured_media":0,"parent":0,"menu_order":0,"comment_status":"closed","ping_status":"closed","template":"","meta":{"footnotes":""},"class_list":["post-351","page","type-page","status-publish","hentry"],"_links":{"self":[{"href":"https:\/\/neuillay.fr\/index.php?rest_route=\/wp\/v2\/pages\/351","targetHints":{"allow":["GET"]}}],"collection":[{"href":"https:\/\/neuillay.fr\/index.php?rest_route=\/wp\/v2\/pages"}],"about":[{"href":"https:\/\/neuillay.fr\/index.php?rest_route=\/wp\/v2\/types\/page"}],"author":[{"embeddable":true,"href":"https:\/\/neuillay.fr\/index.php?rest_route=\/wp\/v2\/users\/1"}],"replies":[{"embeddable":true,"href":"https:\/\/neuillay.fr\/index.php?rest_route=%2Fwp%2Fv2%2Fcomments&post=351"}],"version-history":[{"count":12,"href":"https:\/\/neuillay.fr\/index.php?rest_route=\/wp\/v2\/pages\/351\/revisions"}],"predecessor-version":[{"id":1287,"href":"https:\/\/neuillay.fr\/index.php?rest_route=\/wp\/v2\/pages\/351\/revisions\/1287"}],"wp:attachment":[{"href":"https:\/\/neuillay.fr\/index.php?rest_route=%2Fwp%2Fv2%2Fmedia&parent=351"}],"curies":[{"name":"wp","href":"https:\/\/api.w.org\/{rel}","templated":true}]}}