{"id":353,"date":"2022-12-26T17:13:18","date_gmt":"2022-12-26T17:13:18","guid":{"rendered":"https:\/\/neuillay.fr\/?page_id=353"},"modified":"2023-11-29T16:11:42","modified_gmt":"2023-11-29T16:11:42","slug":"demarches-administratives","status":"publish","type":"page","link":"https:\/\/neuillay.fr\/?page_id=353","title":{"rendered":"D\u00e9marches administratives"},"content":{"rendered":"<p><a href=\"https:\/\/www.service-public.fr\/particuliers\/vosdroits\/F1432\" target=\"_blank\" rel=\"noopener\">Acte de mariage<\/a><\/p>\n<p><a href=\"https:\/\/www.service-public.fr\/particuliers\/vosdroits\/F1427\">Acte de naissance<\/a><\/p>\n<p><a href=\"https:\/\/www.service-public.fr\/particuliers\/vosdroits\/F1444\" target=\"_blank\" rel=\"noopener\">Acte de d\u00e9c\u00e8s<\/a><\/p>\n<p><a href=\"https:\/\/www.service-public.fr\/particuliers\/vosdroits\/F1962\" target=\"_blank\" rel=\"noopener\">Carte \u00e9lectorale<\/a><\/p>\n<p><a href=\"https:\/\/www.service-public.fr\/particuliers\/vosdroits\/N367\">Carte grise<\/a><\/p>\n<p><a href=\"https:\/\/www.service-public.fr\/particuliers\/recherche?keyword=carte+d%27identit%C3%A9\">Carte d\u2019identit\u00e9<\/a><\/p>\n<p><a href=\"https:\/\/www.service-public.fr\/particuliers\/vosdroits\/N31784\">Livret de famille<\/a><\/p>\n<p><a href=\"https:\/\/www.service-public.fr\/particuliers\/recherche?keyword=pacs\">Pacte Civil de Solidarit\u00e9 (PACS)<\/a><\/p>\n<p><a href=\"https:\/\/www.service-public.fr\/particuliers\/recherche?keyword=passeport\" target=\"_blank\" rel=\"noopener\">Passeport<\/a><\/p>\n<p><a href=\"https:\/\/www.service-public.fr\/particuliers\/vosdroits\/N530\">Permis de conduire<\/a><\/p>\n<p><a href=\"https:\/\/www.service-public.fr\/particuliers\/recherche?keyword=certificat+de+concubinage\">Certificat de vie commune ou de concubinage<\/a><\/p>\n","protected":false},"excerpt":{"rendered":"<p>Acte de mariage Acte de naissance Acte de d\u00e9c\u00e8s Carte \u00e9lectorale Carte grise Carte d\u2019identit\u00e9 Livret de famille Pacte Civil de Solidarit\u00e9 (PACS) Passeport Permis de conduire Certificat de vie commune ou de concubinage<\/p>\n","protected":false},"author":1,"featured_media":0,"parent":0,"menu_order":0,"comment_status":"closed","ping_status":"closed","template":"","meta":{"footnotes":""},"class_list":["post-353","page","type-page","status-publish","hentry"],"_links":{"self":[{"href":"https:\/\/neuillay.fr\/index.php?rest_route=\/wp\/v2\/pages\/353","targetHints":{"allow":["GET"]}}],"collection":[{"href":"https:\/\/neuillay.fr\/index.php?rest_route=\/wp\/v2\/pages"}],"about":[{"href":"https:\/\/neuillay.fr\/index.php?rest_route=\/wp\/v2\/types\/page"}],"author":[{"embeddable":true,"href":"https:\/\/neuillay.fr\/index.php?rest_route=\/wp\/v2\/users\/1"}],"replies":[{"embeddable":true,"href":"https:\/\/neuillay.fr\/index.php?rest_route=%2Fwp%2Fv2%2Fcomments&post=353"}],"version-history":[{"count":30,"href":"https:\/\/neuillay.fr\/index.php?rest_route=\/wp\/v2\/pages\/353\/revisions"}],"predecessor-version":[{"id":1190,"href":"https:\/\/neuillay.fr\/index.php?rest_route=\/wp\/v2\/pages\/353\/revisions\/1190"}],"wp:attachment":[{"href":"https:\/\/neuillay.fr\/index.php?rest_route=%2Fwp%2Fv2%2Fmedia&parent=353"}],"curies":[{"name":"wp","href":"https:\/\/api.w.org\/{rel}","templated":true}]}}