{"id":365,"date":"2022-12-26T17:15:33","date_gmt":"2022-12-26T17:15:33","guid":{"rendered":"https:\/\/neuillay.fr\/?page_id=365"},"modified":"2023-01-17T13:56:19","modified_gmt":"2023-01-17T13:56:19","slug":"le-gite-rural","status":"publish","type":"page","link":"https:\/\/neuillay.fr\/?page_id=365","title":{"rendered":"Le g\u00eete rural"},"content":{"rendered":"\n<div class=\"wp-block-media-text alignwide is-stacked-on-mobile\"><figure class=\"wp-block-media-text__media\"><a href=\"https:\/\/neuillay.fr\/wp-content\/uploads\/2023\/01\/gite.jpg\"><img loading=\"lazy\" decoding=\"async\" width=\"1024\" height=\"768\" src=\"https:\/\/neuillay.fr\/wp-content\/uploads\/2023\/01\/gite-1024x768.jpg\" alt=\"\" class=\"wp-image-948 size-full\" srcset=\"https:\/\/neuillay.fr\/wp-content\/uploads\/2023\/01\/gite-1024x768.jpg 1024w, https:\/\/neuillay.fr\/wp-content\/uploads\/2023\/01\/gite-300x225.jpg 300w, https:\/\/neuillay.fr\/wp-content\/uploads\/2023\/01\/gite-768x576.jpg 768w, https:\/\/neuillay.fr\/wp-content\/uploads\/2023\/01\/gite-285x215.jpg 285w, https:\/\/neuillay.fr\/wp-content\/uploads\/2023\/01\/gite.jpg 1066w\" sizes=\"auto, (max-width: 1024px) 100vw, 1024px\" \/><\/a><\/figure><div class=\"wp-block-media-text__content\">\n<p>Notre g\u00eete est situ\u00e9 au centre du village et peut abriter 5 personnes.<\/p>\n\n\n\n<p>G\u00eete de plain-pied : cuisine\/s\u00e9jour \u2013 salon \u2013 wc \u2013 2 chambres (1 lit 2 personnes, 3 lits 1 personne dont 1 superpos\u00e9) \u2013 salle d\u2019eau\/wc. . Cour close. Jardin am\u00e9nag\u00e9. Garage. D\u00e9pendance et niche pour chiens de chasse.<\/p>\n\n\n\n<p>Contact Mairie : 02.54.28.12.12<\/p>\n\n\n\n<p><a rel=\"noreferrer noopener\" href=\"https:\/\/www.gites-de-france-indre.com\/fr\/location\/H36G002979?capacity=1\" target=\"_blank\"><u>(<\/u>plus d\u2019infos<u>)<\/u><\/a><\/p>\n\n\n\n<p><\/p>\n\n\n\n<p><\/p>\n\n\n\n<p><\/p>\n\n\n\n<p><\/p>\n\n\n\n<p><\/p>\n\n\n\n<p><\/p>\n<\/div><\/div>\n\n\n\n<figure class=\"wp-block-gallery has-nested-images columns-default is-cropped wp-block-gallery-1 is-layout-flex wp-block-gallery-is-layout-flex\">\n<figure class=\"wp-block-image size-large\"><a href=\"https:\/\/neuillay.fr\/wp-content\/uploads\/2023\/01\/gite1.jpg\"><img loading=\"lazy\" decoding=\"async\" width=\"1024\" height=\"768\" data-id=\"953\" src=\"https:\/\/neuillay.fr\/wp-content\/uploads\/2023\/01\/gite1-1024x768.jpg\" alt=\"\" class=\"wp-image-953\" srcset=\"https:\/\/neuillay.fr\/wp-content\/uploads\/2023\/01\/gite1-1024x768.jpg 1024w, https:\/\/neuillay.fr\/wp-content\/uploads\/2023\/01\/gite1-300x225.jpg 300w, https:\/\/neuillay.fr\/wp-content\/uploads\/2023\/01\/gite1-768x576.jpg 768w, https:\/\/neuillay.fr\/wp-content\/uploads\/2023\/01\/gite1-285x215.jpg 285w, https:\/\/neuillay.fr\/wp-content\/uploads\/2023\/01\/gite1.jpg 1516w\" sizes=\"auto, (max-width: 1024px) 100vw, 1024px\" \/><\/a><\/figure>\n\n\n\n<figure class=\"wp-block-image size-large\"><a href=\"https:\/\/neuillay.fr\/wp-content\/uploads\/2023\/01\/gite3.jpg\"><img loading=\"lazy\" decoding=\"async\" width=\"1024\" height=\"768\" data-id=\"952\" src=\"https:\/\/neuillay.fr\/wp-content\/uploads\/2023\/01\/gite3-1024x768.jpg\" alt=\"\" class=\"wp-image-952\" srcset=\"https:\/\/neuillay.fr\/wp-content\/uploads\/2023\/01\/gite3-1024x768.jpg 1024w, https:\/\/neuillay.fr\/wp-content\/uploads\/2023\/01\/gite3-300x225.jpg 300w, https:\/\/neuillay.fr\/wp-content\/uploads\/2023\/01\/gite3-768x576.jpg 768w, https:\/\/neuillay.fr\/wp-content\/uploads\/2023\/01\/gite3-285x215.jpg 285w, https:\/\/neuillay.fr\/wp-content\/uploads\/2023\/01\/gite3.jpg 1066w\" sizes=\"auto, (max-width: 1024px) 100vw, 1024px\" \/><\/a><\/figure>\n<\/figure>\n","protected":false},"excerpt":{"rendered":"<p>Notre g\u00eete est situ\u00e9 au centre du village et peut abriter 5 personnes. G\u00eete de plain-pied : cuisine\/s\u00e9jour \u2013 salon \u2013 wc \u2013 2 chambres (1 lit 2 personnes, 3 lits 1 personne dont 1 superpos\u00e9) \u2013 salle d\u2019eau\/wc. . Cour close. Jardin am\u00e9nag\u00e9. Garage. D\u00e9pendance et niche pour chiens&#8230; <a href=\"https:\/\/neuillay.fr\/?page_id=365\" class=\"readmore\">Read more<span class=\"screen-reader-text\">\u00ab\u00a0Le g\u00eete rural\u00a0\u00bb<\/span><\/a><\/p>\n","protected":false},"author":1,"featured_media":0,"parent":0,"menu_order":0,"comment_status":"closed","ping_status":"closed","template":"","meta":{"footnotes":""},"class_list":["post-365","page","type-page","status-publish","hentry"],"_links":{"self":[{"href":"https:\/\/neuillay.fr\/index.php?rest_route=\/wp\/v2\/pages\/365","targetHints":{"allow":["GET"]}}],"collection":[{"href":"https:\/\/neuillay.fr\/index.php?rest_route=\/wp\/v2\/pages"}],"about":[{"href":"https:\/\/neuillay.fr\/index.php?rest_route=\/wp\/v2\/types\/page"}],"author":[{"embeddable":true,"href":"https:\/\/neuillay.fr\/index.php?rest_route=\/wp\/v2\/users\/1"}],"replies":[{"embeddable":true,"href":"https:\/\/neuillay.fr\/index.php?rest_route=%2Fwp%2Fv2%2Fcomments&post=365"}],"version-history":[{"count":12,"href":"https:\/\/neuillay.fr\/index.php?rest_route=\/wp\/v2\/pages\/365\/revisions"}],"predecessor-version":[{"id":958,"href":"https:\/\/neuillay.fr\/index.php?rest_route=\/wp\/v2\/pages\/365\/revisions\/958"}],"wp:attachment":[{"href":"https:\/\/neuillay.fr\/index.php?rest_route=%2Fwp%2Fv2%2Fmedia&parent=365"}],"curies":[{"name":"wp","href":"https:\/\/api.w.org\/{rel}","templated":true}]}}