{"id":371,"date":"2022-12-26T17:16:41","date_gmt":"2022-12-26T17:16:41","guid":{"rendered":"https:\/\/neuillay.fr\/?page_id=371"},"modified":"2024-11-16T15:43:26","modified_gmt":"2024-11-16T15:43:26","slug":"la-peche","status":"publish","type":"page","link":"https:\/\/neuillay.fr\/?page_id=371","title":{"rendered":"La p\u00eache"},"content":{"rendered":"\n<div class=\"wp-block-media-text alignwide is-stacked-on-mobile\" style=\"grid-template-columns:36% auto\"><figure class=\"wp-block-media-text__media\"><a href=\"https:\/\/neuillay.fr\/wp-content\/uploads\/2023\/01\/DSCN5482.jpg\"><img loading=\"lazy\" decoding=\"async\" width=\"1024\" height=\"768\" src=\"https:\/\/neuillay.fr\/wp-content\/uploads\/2023\/01\/DSCN5482-1024x768.jpg\" alt=\"\" class=\"wp-image-969 size-full\" srcset=\"https:\/\/neuillay.fr\/wp-content\/uploads\/2023\/01\/DSCN5482-1024x768.jpg 1024w, https:\/\/neuillay.fr\/wp-content\/uploads\/2023\/01\/DSCN5482-300x225.jpg 300w, https:\/\/neuillay.fr\/wp-content\/uploads\/2023\/01\/DSCN5482-768x576.jpg 768w, https:\/\/neuillay.fr\/wp-content\/uploads\/2023\/01\/DSCN5482-1536x1152.jpg 1536w, https:\/\/neuillay.fr\/wp-content\/uploads\/2023\/01\/DSCN5482-285x215.jpg 285w, https:\/\/neuillay.fr\/wp-content\/uploads\/2023\/01\/DSCN5482.jpg 1575w\" sizes=\"auto, (max-width: 1024px) 100vw, 1024px\" \/><\/a><\/figure><div class=\"wp-block-media-text__content\">\n<p>Amis p\u00eacheurs, le complexe halieutique des            Etangs Neufs, vous accueille chaque ann\u00e9e du 1er avril au 31 d\u00e9cembre.<\/p>\n\n\n\n<p>Contact : F\u00e9d\u00e9ration de l\u2019Indre pour la p\u00eache,<\/p>\n\n\n\n<p>T\u00e9l.: 02 54 34 59 69.<\/p>\n\n\n\n<p>Infos : <a href=\"https:\/\/www.peche36.fr\/414-les-etangs-neufs-de-neuillay-les-bois.htmhalieutique.htm\" target=\"_blank\" rel=\"noreferrer noopener\"><u>(<\/u>clic ici<u>)<\/u><\/a><\/p>\n<\/div><\/div>\n\n\n<\/p>\n\n\n<div class=\"wp-block-media-text alignwide has-media-on-the-right is-stacked-on-mobile\" style=\"grid-template-columns:auto 36%\"><div class=\"wp-block-media-text__content\">\n<p>Sans oublier le <strong>plan d\u2019eau communal<\/strong> \u2026<\/p>\n\n\n\n<p>Les cartes sont en vente \u00e0 l\u2019agence postale<\/p>\n\n\n\n<p>ADULTES : 5\u20ac la journ\u00e9e&nbsp;&nbsp; 40\u20ac l\u2019ann\u00e9e<\/p>\n\n\n\n<p>ENFANTS : 3\u20ac la journ\u00e9e&nbsp;&nbsp; 20\u20ac l\u2019ann\u00e9e<\/p>\n<\/div><figure class=\"wp-block-media-text__media\"><a href=\"https:\/\/neuillay.fr\/wp-content\/uploads\/2023\/01\/P5310190.jpg\"><img loading=\"lazy\" decoding=\"async\" width=\"1024\" height=\"768\" src=\"https:\/\/neuillay.fr\/wp-content\/uploads\/2023\/01\/P5310190-1024x768.jpg\" alt=\"\" class=\"wp-image-971 size-full\" srcset=\"https:\/\/neuillay.fr\/wp-content\/uploads\/2023\/01\/P5310190-1024x768.jpg 1024w, https:\/\/neuillay.fr\/wp-content\/uploads\/2023\/01\/P5310190-300x225.jpg 300w, https:\/\/neuillay.fr\/wp-content\/uploads\/2023\/01\/P5310190-768x576.jpg 768w, https:\/\/neuillay.fr\/wp-content\/uploads\/2023\/01\/P5310190-1536x1152.jpg 1536w, https:\/\/neuillay.fr\/wp-content\/uploads\/2023\/01\/P5310190-2048x1536.jpg 2048w, https:\/\/neuillay.fr\/wp-content\/uploads\/2023\/01\/P5310190-285x215.jpg 285w\" sizes=\"auto, (max-width: 1024px) 100vw, 1024px\" \/><\/a><\/figure><\/div>\n\n\n<\/p>","protected":false},"excerpt":{"rendered":"<p>Amis p\u00eacheurs, le complexe halieutique des Etangs Neufs, vous accueille chaque ann\u00e9e du 1er avril au 31 d\u00e9cembre. Contact : F\u00e9d\u00e9ration de l\u2019Indre pour la p\u00eache, T\u00e9l.: 02 54 34 59 69. Infos : (clic ici) Sans oublier le plan d\u2019eau communal \u2026 Les cartes sont en vente \u00e0 l\u2019agence&#8230; <a href=\"https:\/\/neuillay.fr\/?page_id=371\" class=\"readmore\">Read more<span class=\"screen-reader-text\">\u00ab\u00a0La p\u00eache\u00a0\u00bb<\/span><\/a><\/p>\n","protected":false},"author":1,"featured_media":0,"parent":0,"menu_order":0,"comment_status":"closed","ping_status":"closed","template":"","meta":{"footnotes":""},"class_list":["post-371","page","type-page","status-publish","hentry"],"_links":{"self":[{"href":"https:\/\/neuillay.fr\/index.php?rest_route=\/wp\/v2\/pages\/371","targetHints":{"allow":["GET"]}}],"collection":[{"href":"https:\/\/neuillay.fr\/index.php?rest_route=\/wp\/v2\/pages"}],"about":[{"href":"https:\/\/neuillay.fr\/index.php?rest_route=\/wp\/v2\/types\/page"}],"author":[{"embeddable":true,"href":"https:\/\/neuillay.fr\/index.php?rest_route=\/wp\/v2\/users\/1"}],"replies":[{"embeddable":true,"href":"https:\/\/neuillay.fr\/index.php?rest_route=%2Fwp%2Fv2%2Fcomments&post=371"}],"version-history":[{"count":10,"href":"https:\/\/neuillay.fr\/index.php?rest_route=\/wp\/v2\/pages\/371\/revisions"}],"predecessor-version":[{"id":1266,"href":"https:\/\/neuillay.fr\/index.php?rest_route=\/wp\/v2\/pages\/371\/revisions\/1266"}],"wp:attachment":[{"href":"https:\/\/neuillay.fr\/index.php?rest_route=%2Fwp%2Fv2%2Fmedia&parent=371"}],"curies":[{"name":"wp","href":"https:\/\/api.w.org\/{rel}","templated":true}]}}