{"id":375,"date":"2022-12-26T17:17:29","date_gmt":"2022-12-26T17:17:29","guid":{"rendered":"https:\/\/neuillay.fr\/?page_id=375"},"modified":"2023-01-16T14:38:47","modified_gmt":"2023-01-16T14:38:47","slug":"un-peu-dhistoire","status":"publish","type":"page","link":"https:\/\/neuillay.fr\/?page_id=375","title":{"rendered":"Un peu d&rsquo;histoire"},"content":{"rendered":"\n<div class=\"wp-block-media-text alignwide is-stacked-on-mobile\" style=\"grid-template-columns:35% auto\"><figure class=\"wp-block-media-text__media\"><a href=\"https:\/\/neuillay.fr\/wp-content\/uploads\/2023\/01\/16-pont-de-La-Ferrandiere.jpg\"><img loading=\"lazy\" decoding=\"async\" width=\"415\" height=\"268\" src=\"https:\/\/neuillay.fr\/wp-content\/uploads\/2023\/01\/16-pont-de-La-Ferrandiere.jpg\" alt=\"\" class=\"wp-image-894 size-full\" srcset=\"https:\/\/neuillay.fr\/wp-content\/uploads\/2023\/01\/16-pont-de-La-Ferrandiere.jpg 415w, https:\/\/neuillay.fr\/wp-content\/uploads\/2023\/01\/16-pont-de-La-Ferrandiere-300x194.jpg 300w\" sizes=\"auto, (max-width: 415px) 100vw, 415px\" \/><\/a><\/figure><div class=\"wp-block-media-text__content\">\n<p>En arrivant de Ch\u00e2teauroux, \u00e0 la porte de la Brenne, Neuillay les Bois vous accueille. Nom d\u2019origine gallo-romaine, form\u00e9 sur le nom d\u2019un gentilice romain: Novellius; connu d\u00e8s le IX\u00e8me si\u00e8cle sous le nom de Nuviliacus, faisait partie d\u2019une possession de l\u2019abbaye de Saint-Germain-des-Pr\u00e9s. Apr\u00e8s diff\u00e9rentes appellations, Neuillay les Bois prendra son identit\u00e9 actuelle au XVI\u00e8me si\u00e8cle.<\/p>\n<\/div><\/div>\n\n\n\n<div class=\"wp-block-media-text alignwide has-media-on-the-right is-stacked-on-mobile\" style=\"grid-template-columns:auto 35%\"><div class=\"wp-block-media-text__content\">\n<p>Comment ne pas remarquer, 3 km avant le bourg, deux beaux points de vue: \u00e0 gauche, le domaine de \u00ab&nbsp;La Sellette&nbsp;\u00bb, construit en gr\u00e8s ferrugineux de la Brenne. &nbsp;&nbsp;&nbsp;&nbsp; A droite, au bord de la rivi\u00e8re \u00ab&nbsp;La Claise&nbsp;\u00bb on peut admirer le superbe manoir de \u00ab&nbsp;La Ferrandi\u00e8re&nbsp;\u00bb, datant du XV\u00e8me si\u00e8cle. C\u2019\u00e9tait un fief qui relevait en hommage lige de l\u2019abb\u00e9 de M\u00e9obecq.<\/p>\n<\/div><figure class=\"wp-block-media-text__media\"><a href=\"https:\/\/neuillay.fr\/wp-content\/uploads\/2023\/01\/17-La-Ferrandiere.jpg\"><img loading=\"lazy\" decoding=\"async\" width=\"395\" height=\"255\" src=\"https:\/\/neuillay.fr\/wp-content\/uploads\/2023\/01\/17-La-Ferrandiere.jpg\" alt=\"\" class=\"wp-image-897 size-full\" srcset=\"https:\/\/neuillay.fr\/wp-content\/uploads\/2023\/01\/17-La-Ferrandiere.jpg 395w, https:\/\/neuillay.fr\/wp-content\/uploads\/2023\/01\/17-La-Ferrandiere-300x194.jpg 300w\" sizes=\"auto, (max-width: 395px) 100vw, 395px\" \/><\/a><\/figure><\/div>\n\n\n\n<div class=\"wp-block-media-text alignwide is-stacked-on-mobile\" style=\"grid-template-columns:35% auto\"><figure class=\"wp-block-media-text__media\"><a href=\"https:\/\/neuillay.fr\/wp-content\/uploads\/2023\/01\/C_139_00005.jpg\"><img loading=\"lazy\" decoding=\"async\" width=\"391\" height=\"253\" src=\"https:\/\/neuillay.fr\/wp-content\/uploads\/2023\/01\/C_139_00005.jpg\" alt=\"\" class=\"wp-image-898 size-full\" srcset=\"https:\/\/neuillay.fr\/wp-content\/uploads\/2023\/01\/C_139_00005.jpg 391w, https:\/\/neuillay.fr\/wp-content\/uploads\/2023\/01\/C_139_00005-300x194.jpg 300w\" sizes=\"auto, (max-width: 391px) 100vw, 391px\" \/><\/a><\/figure><div class=\"wp-block-media-text__content\">\n<p>L\u2019\u00e9glise paroissiale Saint-Hilaire, de style roman remani\u00e9e au XIX<sup>\u00e8me<\/sup> si\u00e8cle, m\u00e9rite toute votre attention. Mentionn\u00e9e d\u00e8s 1174, elle a \u00e9t\u00e9 presque enti\u00e8rement reconstruite. &nbsp;De l\u2019ancienne \u00e9glise du XII<sup>\u00e8me<\/sup> si\u00e8cle il ne reste que la porte principale et les chapiteaux romans.<\/p>\n<\/div><\/div>\n\n\n\n<div class=\"wp-block-media-text alignwide has-media-on-the-right is-stacked-on-mobile\" style=\"grid-template-columns:auto 35%\"><div class=\"wp-block-media-text__content\">\n<p>En direction de Luant, dans un cadre de verdure remarquable, le ch\u00e2teau de Bois-Robert, connu d\u00e8s 1571, un castel fut reconstruit en 1898 sur l\u2019emplacement de l\u2019ancien \u00e9difice.<\/p>\n<\/div><figure class=\"wp-block-media-text__media\"><a href=\"https:\/\/neuillay.fr\/wp-content\/uploads\/2023\/01\/19-chateau-de-Bois-Robert.jpg\"><img loading=\"lazy\" decoding=\"async\" width=\"415\" height=\"266\" src=\"https:\/\/neuillay.fr\/wp-content\/uploads\/2023\/01\/19-chateau-de-Bois-Robert.jpg\" alt=\"\" class=\"wp-image-900 size-full\" srcset=\"https:\/\/neuillay.fr\/wp-content\/uploads\/2023\/01\/19-chateau-de-Bois-Robert.jpg 415w, https:\/\/neuillay.fr\/wp-content\/uploads\/2023\/01\/19-chateau-de-Bois-Robert-300x192.jpg 300w\" sizes=\"auto, (max-width: 415px) 100vw, 415px\" \/><\/a><\/figure><\/div>\n\n\n\n<div class=\"wp-block-media-text alignwide is-stacked-on-mobile\" style=\"grid-template-columns:35% auto\"><figure class=\"wp-block-media-text__media\"><a href=\"https:\/\/neuillay.fr\/wp-content\/uploads\/2023\/01\/voie-romaine.jpg\"><img loading=\"lazy\" decoding=\"async\" width=\"596\" height=\"398\" src=\"https:\/\/neuillay.fr\/wp-content\/uploads\/2023\/01\/voie-romaine.jpg\" alt=\"\" class=\"wp-image-908 size-full\" srcset=\"https:\/\/neuillay.fr\/wp-content\/uploads\/2023\/01\/voie-romaine.jpg 596w, https:\/\/neuillay.fr\/wp-content\/uploads\/2023\/01\/voie-romaine-300x200.jpg 300w\" sizes=\"auto, (max-width: 596px) 100vw, 596px\" \/><\/a><\/figure><div class=\"wp-block-media-text__content\">\n<p>Neuillay les Bois a un riche pass\u00e9 gallo-romain. La commune est travers\u00e9e par une voie romaine reliant Argenton sur creuse (Argentomagus) \u00e0 Orl\u00e9ans (Genabum)&nbsp; &nbsp;<a href=\"https:\/\/neuillay.fr\/wp-content\/uploads\/2022\/12\/voie-romaine.jpg\" target=\"_blank\" rel=\"noreferrer noopener\">(clic ici)<\/a><\/p>\n\n\n\n<p><em>Source: Les voies romaines par M. LENSEIGNE<\/em>.<\/p>\n<\/div><\/div>\n\n\n\n<div class=\"wp-block-media-text alignwide has-media-on-the-right is-stacked-on-mobile\" style=\"grid-template-columns:auto 35%\"><div class=\"wp-block-media-text__content\">\n<p><\/p>\n\n\n\n<p>Plusieurs campagnes de fouilles ont \u00e9galement r\u00e9v\u00e9l\u00e9 l\u2019existence d\u2019une ville romaine \u00e0 Mersan. En 1983, des vestiges de ma\u00e7onneries romaines furent d\u00e9couverts aux Bernards (peut-\u00eatre une petite ville, ou une villa). En 2011, lors de travaux effectu\u00e9s sur la commune, c\u2019est une statuette sculpt\u00e9e dans un bloc de calcaire, qui fut mise au jour. Celle-ci repr\u00e9sente un personnage masculin assis en tailleur. La statue est bris\u00e9e au niveau de la taille, mais nous distinguons parfaitement les jambes crois\u00e9es du personnage assis sur un coussin. Le bloc de calcaire semblerait provenir du centre carrier sur les communes du Pont-Chr\u00e9tien-Chabenet et Tendu.<br>D\u2019autres sites sont signal\u00e9s \u00e0 Malbran et au Tertre.\u00a0<\/p>\n\n\n\n<p><em>Remerciements \u00e0 M. G\u00e9rard COULON pour ces informations<\/em><\/p>\n<\/div><figure class=\"wp-block-media-text__media\"><a href=\"https:\/\/neuillay.fr\/wp-content\/uploads\/2023\/01\/statue-face.jpg\"><img loading=\"lazy\" decoding=\"async\" width=\"904\" height=\"790\" src=\"https:\/\/neuillay.fr\/wp-content\/uploads\/2023\/01\/statue-face.jpg\" alt=\"\" class=\"wp-image-904 size-full\" srcset=\"https:\/\/neuillay.fr\/wp-content\/uploads\/2023\/01\/statue-face.jpg 904w, https:\/\/neuillay.fr\/wp-content\/uploads\/2023\/01\/statue-face-300x262.jpg 300w, https:\/\/neuillay.fr\/wp-content\/uploads\/2023\/01\/statue-face-768x671.jpg 768w\" sizes=\"auto, (max-width: 904px) 100vw, 904px\" \/><\/a><\/figure><\/div>\n\n\n\n<div class=\"wp-block-media-text alignwide is-stacked-on-mobile\" style=\"grid-template-columns:35% auto\"><figure class=\"wp-block-media-text__media\"><a href=\"https:\/\/neuillay.fr\/wp-content\/uploads\/2023\/01\/brenne1.jpg\"><img loading=\"lazy\" decoding=\"async\" width=\"1024\" height=\"672\" src=\"https:\/\/neuillay.fr\/wp-content\/uploads\/2023\/01\/brenne1.jpg\" alt=\"\" class=\"wp-image-905 size-full\" srcset=\"https:\/\/neuillay.fr\/wp-content\/uploads\/2023\/01\/brenne1.jpg 1024w, https:\/\/neuillay.fr\/wp-content\/uploads\/2023\/01\/brenne1-300x197.jpg 300w, https:\/\/neuillay.fr\/wp-content\/uploads\/2023\/01\/brenne1-768x504.jpg 768w\" sizes=\"auto, (max-width: 1024px) 100vw, 1024px\" \/><\/a><\/figure><div class=\"wp-block-media-text__content\">\n<p>La Brenne est l\u2019une des plus importante zone humide fran\u00e7aise, aussi m\u00e9rite-t-elle son nom de \u00ab&nbsp;Pays des mille \u00e9tangs&nbsp;\u00bb. Sa nature encore sauvage abrite de nombreuse esp\u00e8ces animales : Guifettes, Gr\u00e8bes, H\u00e9rons, Cormorans et autres Cistudes: la d\u00e9sormais c\u00e9l\u00e8bre petite tortue aquatique devenue l\u2019embl\u00e8me de la Brenne. &nbsp; &nbsp; &nbsp; &nbsp; &nbsp; &nbsp; &nbsp; &nbsp; &nbsp;&nbsp; &nbsp;&nbsp;&nbsp;&nbsp;&nbsp;&nbsp;&nbsp;&nbsp;&nbsp;&nbsp;&nbsp; &nbsp; &nbsp; &nbsp; &nbsp; &nbsp; &nbsp; &nbsp; &nbsp; &nbsp;&nbsp;<\/p>\n\n\n\n<p>&nbsp;D\u00e9couvrez l\u2019histoire de cette magnifique r\u00e9gion, o\u00f9 l\u2019on \u00e9coute \u2026 le silence \u2026 <a href=\"http:\/\/www.parc-naturel-brenne.fr\/fr\/accueil\/un-territoire-d-exception\/vue-d-ensemble\/421-petite-histoire-du-territoire\" target=\"_blank\" rel=\"noreferrer noopener\">(<\/a><a href=\"https:\/\/www.parc-naturel-brenne.fr\/le-territoire\/culture-et-patrimoine\/histoire\" target=\"_blank\" rel=\"noreferrer noopener\">clic ici)<\/a>.<\/p>\n<\/div><\/div>\n","protected":false},"excerpt":{"rendered":"<p>En arrivant de Ch\u00e2teauroux, \u00e0 la porte de la Brenne, Neuillay les Bois vous accueille. Nom d\u2019origine gallo-romaine, form\u00e9 sur le nom d\u2019un gentilice romain: Novellius; connu d\u00e8s le IX\u00e8me si\u00e8cle sous le nom de Nuviliacus, faisait partie d\u2019une possession de l\u2019abbaye de Saint-Germain-des-Pr\u00e9s. Apr\u00e8s diff\u00e9rentes appellations, Neuillay les Bois&#8230; <a href=\"https:\/\/neuillay.fr\/?page_id=375\" class=\"readmore\">Read more<span class=\"screen-reader-text\">\u00ab\u00a0Un peu d&rsquo;histoire\u00a0\u00bb<\/span><\/a><\/p>\n","protected":false},"author":1,"featured_media":0,"parent":0,"menu_order":0,"comment_status":"closed","ping_status":"closed","template":"","meta":{"footnotes":""},"class_list":["post-375","page","type-page","status-publish","hentry"],"_links":{"self":[{"href":"https:\/\/neuillay.fr\/index.php?rest_route=\/wp\/v2\/pages\/375","targetHints":{"allow":["GET"]}}],"collection":[{"href":"https:\/\/neuillay.fr\/index.php?rest_route=\/wp\/v2\/pages"}],"about":[{"href":"https:\/\/neuillay.fr\/index.php?rest_route=\/wp\/v2\/types\/page"}],"author":[{"embeddable":true,"href":"https:\/\/neuillay.fr\/index.php?rest_route=\/wp\/v2\/users\/1"}],"replies":[{"embeddable":true,"href":"https:\/\/neuillay.fr\/index.php?rest_route=%2Fwp%2Fv2%2Fcomments&post=375"}],"version-history":[{"count":20,"href":"https:\/\/neuillay.fr\/index.php?rest_route=\/wp\/v2\/pages\/375\/revisions"}],"predecessor-version":[{"id":910,"href":"https:\/\/neuillay.fr\/index.php?rest_route=\/wp\/v2\/pages\/375\/revisions\/910"}],"wp:attachment":[{"href":"https:\/\/neuillay.fr\/index.php?rest_route=%2Fwp%2Fv2%2Fmedia&parent=375"}],"curies":[{"name":"wp","href":"https:\/\/api.w.org\/{rel}","templated":true}]}}