{"id":381,"date":"2022-12-26T17:18:36","date_gmt":"2022-12-26T17:18:36","guid":{"rendered":"https:\/\/neuillay.fr\/?page_id=381"},"modified":"2023-01-17T17:51:30","modified_gmt":"2023-01-17T17:51:30","slug":"le-marchand-dallumettes","status":"publish","type":"page","link":"https:\/\/neuillay.fr\/?page_id=381","title":{"rendered":"Le marchand d&rsquo;allumettes"},"content":{"rendered":"<p>En 1896, alors qu\u2019il avait 37 ans, Damien D. \u00e9pouse une Brennouse originaire de Nuret-le-Ferron et qui r\u00e9side au lieu-dit \u00ab\u00a0Les Fenets\u00a0\u00bb. Bien qu\u2019il f\u00fbt un \u00ab\u00a0rapport\u00e9\u00a0\u00bb Damien eut vite fait de se faire adopter par son voisinage. Il cultivait son champ, \u00e9levait quelques ch\u00e8vres, faisait du bois l\u2019hiver et des \u00ab\u00a0journ\u00e9es \u00bb l\u2019\u00e9t\u00e9.<\/p>\n<p>Tr\u00e8s vite, il s\u2019\u00e9tait r\u00e9v\u00e9l\u00e9 un excellent commer\u00e7ant. Comme il \u00e9tait le seul \u00e0 poss\u00e9der une bicyclette, pour tirer pro\ufb01t de son bien, il avait mis sur pied une v\u00e9ritable \u00e9cole, louant sa bicyclette dix sous de l\u2019heure aux jeunes gens qui s\u2019initiaient au difficile art de l\u2019\u00e9quilibre sur deux roues.<\/p>\n<p>Mais bient\u00f4t son ing\u00e9niosit\u00e9 pu donner toute sa mesure lorsqu\u2019il cr\u00e9a \u00ab\u00a0sa fabrique d\u2019allumettes\u00a0\u00bb dans sa propre maison.<\/p>\n<p>Il faut se souvenir que vers 1910 les boites officielles de la R\u00e9gie contenaient une cinquantaine d\u2019allumettes et co\u00fbtaient deux sous. Pour le m\u00eame prix Damien en offrait une centaine et de meilleure qualit\u00e9.<\/p>\n<p>Et c\u2019est ainsi que vers une heure du matin il venait tabasser aux volets lan\u00e7ant pour rassurer l\u2019habitant: \u00ab\u00a0C\u2019est l\u2019marchand de fromage! Vous en faut t\u2019i d\u2019mes fromages ? N\u2019en v\u2019les vous?\u00a0\u00bb Et \u00e0 la lueur de la lampe \u00e0 p\u00e9trole, le march\u00e9 s\u2019effectuait\u2026 En r\u00e9alit\u00e9 ces \u00ab\u00a0p\u2019tits fromages\u00a0\u00bb \u00e9taient des paquets d\u2019allumettes de contrebande, ainsi baptis\u00e9s pour leur forme en tronc de pyramide, analogue \u00e0 celle des fromages de ch\u00e8vre berrichons.<\/p>\n<p>Damien ne manquait pas de ressources; pour le soufre il en trouvait facilement dans les bourgs voisins.<a href=\"https:\/\/neuillay.fr\/wp-content\/uploads\/2023\/01\/fa259949a11168d3703746ed1cdbd271.jpg\"><img loading=\"lazy\" decoding=\"async\" class=\"size-medium wp-image-1007 alignright\" src=\"https:\/\/neuillay.fr\/wp-content\/uploads\/2023\/01\/fa259949a11168d3703746ed1cdbd271-300x300.jpg\" alt=\"\" width=\"300\" height=\"300\" srcset=\"https:\/\/neuillay.fr\/wp-content\/uploads\/2023\/01\/fa259949a11168d3703746ed1cdbd271-300x300.jpg 300w, https:\/\/neuillay.fr\/wp-content\/uploads\/2023\/01\/fa259949a11168d3703746ed1cdbd271-90x90.jpg 90w, https:\/\/neuillay.fr\/wp-content\/uploads\/2023\/01\/fa259949a11168d3703746ed1cdbd271.jpg 550w\" sizes=\"auto, (max-width: 300px) 100vw, 300px\" \/><\/a><\/p>\n<p>Mais pour le phosphore, \u00e9l\u00e9ment primordial, notre homme devait prendre le train \u00e0 Lothiers et se rendre \u00e0 la fronti\u00e8re belge o\u00f9 le phosphore faisait l\u2019objet d\u2019un immense trafic. De retour avec le pr\u00e9cieux chargement, il restait maintenant \u00e0 se procurer du bois. Bien s\u00fbr, il aurait pu utiliser du tremble, r\u00e9pandu autour de Neuillay-les-Bois, mais comme la fabrication n\u00e9cessitait du bois sans n\u0153uds, le sapin fourni \u00e0 la fronti\u00e8re belge s\u2019av\u00e9rait \u00eatre d\u2019une qualit\u00e9 in\u00e9galable. Ce sapin \u00e9tait donc achemin\u00e9 depuis la fronti\u00e8re belge jusqu\u2019\u00e0 Lothiers par train sous forme de chevrons et notre \u00ab commer\u00e7ant \u203a\u203a venait en prendre livraison avec sa voiture tir\u00e9e par un bourricot.<\/p>\n<p>Notre \u00ab\u00a0artisan\u00a0\u00bb s\u2019installait dans sa cuisine et d\u00e9bitait son bois en cube de dix centim\u00e8tres et l\u2019entaillait ensuite dix fois dans chaque sens afin d\u2019avoir une centaine de tiges. Mais il fallait prendre soin de ne pas entailler le bois enti\u00e8rement. Ainsi taill\u00e9 le bois prenait l\u2019aspect d\u2019une pyramide \u00e0 cause de l\u2019\u00e9cartement des tiges, alors que la base n\u2019\u00e9tait pas coup\u00e9e. ll ne restait plus qu\u2019\u00e0 tremper l\u2019extr\u00e9mit\u00e9 des tiges dans le soufre puis dans le phosphore et \u00e0 laisser s\u00e9cher. En\ufb01n l\u2019emballage se faisait dans un gros papier jaune.<\/p>\n<p>La vente s\u2019effectuait par colportage et Damien employait trois assistants bien connus en Brenne. Leur rayon d\u2019action allait jusqu\u2019\u00e0 Chatillon-sur-Indre et dans le Berry les \u00ab\u00a0p\u2019tits fromages\u00a0\u00bb de Neuillay \u00e9taient de loin les plus avantageux.<\/p>\n<p>De nombreux anciens de notre village se souviennent de ces \u00ab\u00a0p\u2019tits fromages\u00a0\u00bb qui avaient la propri\u00e9t\u00e9 de pouvoir s\u2019en\ufb02ammer sur n\u2019importe quel support. Pratique non ?<\/p>\n","protected":false},"excerpt":{"rendered":"<p>En 1896, alors qu\u2019il avait 37 ans, Damien D. \u00e9pouse une Brennouse originaire de Nuret-le-Ferron et qui r\u00e9side au lieu-dit \u00ab\u00a0Les Fenets\u00a0\u00bb. Bien qu\u2019il f\u00fbt un \u00ab\u00a0rapport\u00e9\u00a0\u00bb Damien eut vite fait de se faire adopter par son voisinage. Il cultivait son champ, \u00e9levait quelques ch\u00e8vres, faisait du bois l\u2019hiver et&#8230; <a href=\"https:\/\/neuillay.fr\/?page_id=381\" class=\"readmore\">Read more<span class=\"screen-reader-text\">\u00ab\u00a0Le marchand d&rsquo;allumettes\u00a0\u00bb<\/span><\/a><\/p>\n","protected":false},"author":1,"featured_media":0,"parent":0,"menu_order":0,"comment_status":"closed","ping_status":"closed","template":"","meta":{"footnotes":""},"class_list":["post-381","page","type-page","status-publish","hentry"],"_links":{"self":[{"href":"https:\/\/neuillay.fr\/index.php?rest_route=\/wp\/v2\/pages\/381","targetHints":{"allow":["GET"]}}],"collection":[{"href":"https:\/\/neuillay.fr\/index.php?rest_route=\/wp\/v2\/pages"}],"about":[{"href":"https:\/\/neuillay.fr\/index.php?rest_route=\/wp\/v2\/types\/page"}],"author":[{"embeddable":true,"href":"https:\/\/neuillay.fr\/index.php?rest_route=\/wp\/v2\/users\/1"}],"replies":[{"embeddable":true,"href":"https:\/\/neuillay.fr\/index.php?rest_route=%2Fwp%2Fv2%2Fcomments&post=381"}],"version-history":[{"count":7,"href":"https:\/\/neuillay.fr\/index.php?rest_route=\/wp\/v2\/pages\/381\/revisions"}],"predecessor-version":[{"id":1008,"href":"https:\/\/neuillay.fr\/index.php?rest_route=\/wp\/v2\/pages\/381\/revisions\/1008"}],"wp:attachment":[{"href":"https:\/\/neuillay.fr\/index.php?rest_route=%2Fwp%2Fv2%2Fmedia&parent=381"}],"curies":[{"name":"wp","href":"https:\/\/api.w.org\/{rel}","templated":true}]}}