{"id":429,"date":"2022-12-26T17:34:21","date_gmt":"2022-12-26T17:34:21","guid":{"rendered":"https:\/\/neuillay.fr\/?page_id=429"},"modified":"2023-01-16T17:26:09","modified_gmt":"2023-01-16T17:26:09","slug":"historique-2","status":"publish","type":"page","link":"https:\/\/neuillay.fr\/?page_id=429","title":{"rendered":"Historique"},"content":{"rendered":"<p>Le Club Micro est n\u00e9 d\u00e9but 1996 lors d\u2019un quasi \u00ab\u00a0big-bang\u00a0\u00bb, jugez plut\u00f4t \u2026<\/p>\n<p>A l\u2019origine, quelques mordus de micro se rencontrent durant l\u2019\u00e9t\u00e9 1995 et cherchent \u00e0 cr\u00e9er un Club micro-informatique. L\u2019objectif \u00e9tait de partager leur connaissance en ce domaine avec les plus jeunes comme avec les plus \u00e2g\u00e9s. Afin de faire participer un maximum de personnes avec une cotisation minimale et acqu\u00e9rir du mat\u00e9riel, ces \u00abinconscients\u00bb projettent donc en 95 de monter une manifestation sur la micro, avec \u00ab\u00a0tout simplement\u00a0\u00bb pour la premi\u00e8re fois en France une Brocante Informatique\u2026<\/p>\n<p><a href=\"https:\/\/neuillay.fr\/wp-content\/uploads\/2023\/01\/broc4-1-scaled.jpg\"><img loading=\"lazy\" decoding=\"async\" src=\"https:\/\/neuillay.fr\/wp-content\/uploads\/2023\/01\/broc4-1-90x90.jpg\" alt=\"\" width=\"90\" height=\"90\" \/><\/a><a href=\"https:\/\/neuillay.fr\/wp-content\/uploads\/2023\/01\/broc5-1-scaled.jpg\">\u00a0 <img loading=\"lazy\" decoding=\"async\" src=\"https:\/\/neuillay.fr\/wp-content\/uploads\/2023\/01\/broc5-1-90x90.jpg\" alt=\"\" width=\"90\" height=\"90\" \/>\u00a0<\/a> <a href=\"https:\/\/neuillay.fr\/wp-content\/uploads\/2023\/01\/broc3-1-scaled.jpg\"><img loading=\"lazy\" decoding=\"async\" src=\"https:\/\/neuillay.fr\/wp-content\/uploads\/2023\/01\/broc3-1-90x90.jpg\" alt=\"\" width=\"90\" height=\"90\" \/>\u00a0 <\/a><a href=\"https:\/\/neuillay.fr\/wp-content\/uploads\/2023\/01\/broc1-1-scaled.jpg\"><img loading=\"lazy\" decoding=\"async\" src=\"https:\/\/neuillay.fr\/wp-content\/uploads\/2023\/01\/broc1-1-90x90.jpg\" alt=\"\" width=\"90\" height=\"90\" \/><\/a><\/p>\n<p>( <em>chaque stand disposait d\u2019une alimentation \u00e9lectrique pour tester le mat\u00e9riel <\/em>)<\/p>\n<p>C\u2019est ainsi qu\u2019en juin 96, autour de cette nouveaut\u00e9 nationale, dans la Brenne, le Club micro de Neuillay r\u00e9ussit \u00e0 faire venir le camion NINTENDO Super Tour. \u00a0Pour ceux qui ne l\u2019auraient jamais rencontr\u00e9, rappelons que le\u00a0\u00a0\u00a0\u00a0 Super Tour se d\u00e9pla\u00e7ait \u00e0 bord d\u2019un semi-remorque de 33 tonnes qui, une fois d\u00e9ploy\u00e9, offrait un espace de jeux de\u00a0 50 m<sup>2<\/sup>. Celui-ci mettait \u00e0 la disposition des joueurs 26 bornes Super Nintendo et 24 points Game Boy.<\/p>\n<p><a href=\"https:\/\/neuillay.fr\/wp-content\/uploads\/2023\/01\/donk0-1.jpg\"><img loading=\"lazy\" decoding=\"async\" src=\"https:\/\/neuillay.fr\/wp-content\/uploads\/2023\/01\/donk0-1-90x90.jpg\" alt=\"\" width=\"90\" height=\"90\" \/>\u00a0 <\/a><a href=\"https:\/\/neuillay.fr\/wp-content\/uploads\/2023\/01\/jeux1-scaled.jpg\"><img loading=\"lazy\" decoding=\"async\" src=\"https:\/\/neuillay.fr\/wp-content\/uploads\/2023\/01\/jeux1-90x90.jpg\" alt=\"\" width=\"90\" height=\"90\" \/>\u00a0 <\/a><a href=\"https:\/\/neuillay.fr\/wp-content\/uploads\/2023\/01\/donk2-1-scaled.jpg\"><img loading=\"lazy\" decoding=\"async\" src=\"https:\/\/neuillay.fr\/wp-content\/uploads\/2023\/01\/donk2-1-90x90.jpg\" alt=\"\" width=\"90\" height=\"90\" \/>\u00a0 <\/a><a href=\"https:\/\/neuillay.fr\/wp-content\/uploads\/2023\/01\/donk1-1-scaled.jpg\"><img loading=\"lazy\" decoding=\"async\" src=\"https:\/\/neuillay.fr\/wp-content\/uploads\/2023\/01\/donk1-1-90x90.jpg\" alt=\"\" width=\"90\" height=\"90\" \/><\/a><\/p>\n<p>( <em>un immense Donkey Kong tr\u00f4nait sur la place du village<\/em>\u00a0)<\/p>\n<p>Pour la premi\u00e8re fois Internet fut accessible \u00e0 tous sur le site. La premi\u00e8re ann\u00e9e fut une r\u00e9ussite avec ses 1100 entr\u00e9es payantes durant le week-end.<\/p>\n<p><a href=\"https:\/\/neuillay.fr\/wp-content\/uploads\/2023\/01\/int1-1-scaled.jpg\"><img loading=\"lazy\" decoding=\"async\" src=\"https:\/\/neuillay.fr\/wp-content\/uploads\/2023\/01\/int1-1-90x90.jpg\" alt=\"\" width=\"90\" height=\"90\" \/>\u00a0 <\/a><a href=\"https:\/\/neuillay.fr\/wp-content\/uploads\/2023\/01\/int2-1-scaled.jpg\"><img loading=\"lazy\" decoding=\"async\" src=\"https:\/\/neuillay.fr\/wp-content\/uploads\/2023\/01\/int2-1-90x90.jpg\" alt=\"\" width=\"90\" height=\"90\" \/>\u00a0 <\/a><a href=\"https:\/\/neuillay.fr\/wp-content\/uploads\/2023\/01\/int3-1.jpeg\"><img loading=\"lazy\" decoding=\"async\" src=\"https:\/\/neuillay.fr\/wp-content\/uploads\/2023\/01\/int3-1-90x90.jpeg\" alt=\"\" width=\"90\" height=\"90\" \/>\u00a0 <\/a><a href=\"https:\/\/neuillay.fr\/wp-content\/uploads\/2023\/01\/ent2-1-scaled.jpg\"><img loading=\"lazy\" decoding=\"async\" src=\"https:\/\/neuillay.fr\/wp-content\/uploads\/2023\/01\/ent2-1-90x90.jpg\" alt=\"\" width=\"90\" height=\"90\" \/><\/a><\/p>\n<p>Forte de ce succ\u00e8s, une deuxi\u00e8me \u00e9dition voit le jour en juin 1997 avec une nouvelle formule. C\u2019est ainsi que des Entreprises de la r\u00e9gion exposent et vendent leurs mat\u00e9riels et font conna\u00eetre leur savoir-faire \u00e0 travers l\u2019informatique aux professionnels d\u2019abord (le vendredi leur \u00e9tait r\u00e9serv\u00e9) et \u00e0 tous les visiteurs les samedi et dimanche.<\/p>\n<p>France T\u00e9l\u00e9com, apr\u00e8s plusieurs semaines de travail, desservait Neuillay-Les-Bois avec 3 lignes RNIS (haut d\u00e9bit) afin d\u2019am\u00e9liorer la rapidit\u00e9 de transmission sur Internet.<\/p>\n<p>Citro\u00ebn exposait pendant tout le week-end la voiture am\u00e9nag\u00e9e sp\u00e9cialement pour Bill Gates (himself). Cette voiture, ramen\u00e9e pour l\u2019occasion de Neuilly-sur-Seine \u00e0 Neuillay-les-Bois, permettait \u00e0 tout moment de se connecter sur Internet, d\u2019envoyer des fax. C\u2019\u00e9tait un bureau mobile qui fonctionnait m\u00eame en roulant.<\/p>\n<p><a href=\"https:\/\/neuillay.fr\/wp-content\/uploads\/2023\/01\/bil1-1-scaled.jpg\"><img loading=\"lazy\" decoding=\"async\" src=\"https:\/\/neuillay.fr\/wp-content\/uploads\/2023\/01\/bil1-1-90x90.jpg\" alt=\"\" width=\"90\" height=\"90\" \/>\u00a0 <\/a><a href=\"https:\/\/neuillay.fr\/wp-content\/uploads\/2023\/01\/bil2-1-scaled.jpg\"><img loading=\"lazy\" decoding=\"async\" src=\"https:\/\/neuillay.fr\/wp-content\/uploads\/2023\/01\/bil2-1-90x90.jpg\" alt=\"\" width=\"90\" height=\"90\" \/><\/a><\/p>\n<p>Les Radios Amateurs de l\u2019Indre \u00e9taient \u00e9galement pr\u00e9sents, avec une antenne d\u00e9ploy\u00e9e sur l\u2019\u00e9chelle des pompiers.<\/p>\n<p><a href=\"https:\/\/neuillay.fr\/wp-content\/uploads\/2023\/01\/radio2-1-scaled.jpg\"><img loading=\"lazy\" decoding=\"async\" src=\"https:\/\/neuillay.fr\/wp-content\/uploads\/2023\/01\/radio2-1-90x90.jpg\" alt=\"\" width=\"90\" height=\"90\" \/>\u00a0 <\/a> <a href=\"https:\/\/neuillay.fr\/wp-content\/uploads\/2023\/01\/radio4-scaled.jpg\"><img loading=\"lazy\" decoding=\"async\" src=\"https:\/\/neuillay.fr\/wp-content\/uploads\/2023\/01\/radio4-90x90.jpg\" alt=\"\" width=\"90\" height=\"90\" \/> \u00a0<\/a><a href=\"https:\/\/neuillay.fr\/wp-content\/uploads\/2023\/01\/radio1-1-scaled.jpg\"><img loading=\"lazy\" decoding=\"async\" src=\"https:\/\/neuillay.fr\/wp-content\/uploads\/2023\/01\/radio1-1-90x90.jpg\" alt=\"\" width=\"90\" height=\"90\" \/><\/a><\/p>\n<p>Les joueurs n\u2019ont pas \u00e9t\u00e9 oubli\u00e9s, ils ont \u00e9t\u00e9\u00a0 plus de 2000 \u00e0 se relayer durant ces deux jours afin de s\u2019essayer \u00e0 la course de voiture sur micro !!!<\/p>\n<p><a href=\"https:\/\/neuillay.fr\/wp-content\/uploads\/2023\/01\/jeux2-scaled.jpg\"><img loading=\"lazy\" decoding=\"async\" src=\"https:\/\/neuillay.fr\/wp-content\/uploads\/2023\/01\/jeux2-90x90.jpg\" alt=\"\" width=\"90\" height=\"90\" \/><\/a><\/p>\n<p>En 1998, la pr\u00e9sentation des casques virtuels fut tr\u00e8s appr\u00e9ci\u00e9e. Un casque int\u00e9gral (une invention lyonnaise) qui permettait de visiter le c\u0153ur de la cit\u00e9 en relief.<\/p>\n<p><a href=\"https:\/\/neuillay.fr\/wp-content\/uploads\/2023\/01\/3d1-scaled.jpg\"><img loading=\"lazy\" decoding=\"async\" src=\"https:\/\/neuillay.fr\/wp-content\/uploads\/2023\/01\/3d1-90x90.jpg\" alt=\"\" width=\"90\" height=\"90\" \/><\/a> <a href=\"https:\/\/neuillay.fr\/wp-content\/uploads\/2023\/01\/3d2-scaled.jpg\"><img loading=\"lazy\" decoding=\"async\" src=\"https:\/\/neuillay.fr\/wp-content\/uploads\/2023\/01\/3d2-90x90.jpg\" alt=\"\" width=\"90\" height=\"90\" \/><\/a><\/p>\n<p>En 2000, nouveau challenge\u00a0: cr\u00e9er un site internet en 24 heures chrono. Douze \u00e9quipes furent engag\u00e9es dans ce d\u00e9fi. Le sujet impos\u00e9 concernait la commune de Neuillay-les-Bois.<\/p>\n<p>Aujourd\u2019hui, la micro informatique s\u2019est consid\u00e9rablement d\u00e9mocratis\u00e9e, aussi les grandes manifestations d\u00e9couvertes ont donc naturellement cess\u00e9es, mais notre Club est toujours bien vivant avec ses rencontres r\u00e9guli\u00e8res entre passionn\u00e9s.<\/p>\n","protected":false},"excerpt":{"rendered":"<p>Le Club Micro est n\u00e9 d\u00e9but 1996 lors d\u2019un quasi \u00ab\u00a0big-bang\u00a0\u00bb, jugez plut\u00f4t \u2026 A l\u2019origine, quelques mordus de micro se rencontrent durant l\u2019\u00e9t\u00e9 1995 et cherchent \u00e0 cr\u00e9er un Club micro-informatique. L\u2019objectif \u00e9tait de partager leur connaissance en ce domaine avec les plus jeunes comme avec les plus \u00e2g\u00e9s&#8230;. <a href=\"https:\/\/neuillay.fr\/?page_id=429\" class=\"readmore\">Read more<span class=\"screen-reader-text\">\u00ab\u00a0Historique\u00a0\u00bb<\/span><\/a><\/p>\n","protected":false},"author":1,"featured_media":0,"parent":0,"menu_order":0,"comment_status":"closed","ping_status":"closed","template":"","meta":{"footnotes":""},"class_list":["post-429","page","type-page","status-publish","hentry"],"_links":{"self":[{"href":"https:\/\/neuillay.fr\/index.php?rest_route=\/wp\/v2\/pages\/429","targetHints":{"allow":["GET"]}}],"collection":[{"href":"https:\/\/neuillay.fr\/index.php?rest_route=\/wp\/v2\/pages"}],"about":[{"href":"https:\/\/neuillay.fr\/index.php?rest_route=\/wp\/v2\/types\/page"}],"author":[{"embeddable":true,"href":"https:\/\/neuillay.fr\/index.php?rest_route=\/wp\/v2\/users\/1"}],"replies":[{"embeddable":true,"href":"https:\/\/neuillay.fr\/index.php?rest_route=%2Fwp%2Fv2%2Fcomments&post=429"}],"version-history":[{"count":67,"href":"https:\/\/neuillay.fr\/index.php?rest_route=\/wp\/v2\/pages\/429\/revisions"}],"predecessor-version":[{"id":923,"href":"https:\/\/neuillay.fr\/index.php?rest_route=\/wp\/v2\/pages\/429\/revisions\/923"}],"wp:attachment":[{"href":"https:\/\/neuillay.fr\/index.php?rest_route=%2Fwp%2Fv2%2Fmedia&parent=429"}],"curies":[{"name":"wp","href":"https:\/\/api.w.org\/{rel}","templated":true}]}}